{"id":959,"date":"2025-09-08T14:59:26","date_gmt":"2025-09-08T12:59:26","guid":{"rendered":"https:\/\/arterestaurant.sk\/gift-vouchers\/"},"modified":"2026-04-27T08:42:45","modified_gmt":"2026-04-27T06:42:45","slug":"gift-vouchers","status":"publish","type":"page","link":"https:\/\/arterestaurant.sk\/en\/gift-vouchers\/","title":{"rendered":"Gift vouchers"},"content":{"rendered":"<section class=\"l-section wpb_row us_custom_696ad0e1 section-relative section-hero height_auto width_custom color_alternate\" style=\"--site-content-width:849px;\"><div class=\"l-section-h i-cf\"><div class=\"g-cols vc_row via_grid cols_1 laptops-cols_inherit tablets-cols_inherit mobiles-cols_1 valign_top type_default stacking_default\"><div class=\"wpb_column vc_column_container\"><div class=\"vc_column-inner\"><div class=\"w-image us_custom_eca2dcc9 at-img-tear-bottom has_height align_center\"><div class=\"w-image-h\"><img fetchpriority=\"high\" decoding=\"async\" width=\"1448\" height=\"965\" src=\"https:\/\/arterestaurant.sk\/wp-content\/uploads\/2025\/09\/A7400451-1448x965.jpg\" class=\"attachment-us_1512_965 size-us_1512_965\" alt=\"ARTE-DARCEKOVY-POUKAZ\" loading=\"eager\" srcset=\"https:\/\/arterestaurant.sk\/wp-content\/uploads\/2025\/09\/A7400451-1448x965.jpg 1448w, https:\/\/arterestaurant.sk\/wp-content\/uploads\/2025\/09\/A7400451-300x200.jpg 300w, https:\/\/arterestaurant.sk\/wp-content\/uploads\/2025\/09\/A7400451-1024x683.jpg 1024w, https:\/\/arterestaurant.sk\/wp-content\/uploads\/2025\/09\/A7400451-580x387.jpg 580w, https:\/\/arterestaurant.sk\/wp-content\/uploads\/2025\/09\/A7400451-477x318.jpg 477w, https:\/\/arterestaurant.sk\/wp-content\/uploads\/2025\/09\/A7400451-320x213.jpg 320w, https:\/\/arterestaurant.sk\/wp-content\/uploads\/2025\/09\/A7400451-105x70.jpg 105w, https:\/\/arterestaurant.sk\/wp-content\/uploads\/2025\/09\/A7400451-53x35.jpg 53w, https:\/\/arterestaurant.sk\/wp-content\/uploads\/2025\/09\/A7400451-24x16.jpg 24w, https:\/\/arterestaurant.sk\/wp-content\/uploads\/2025\/09\/A7400451-16x11.jpg 16w, https:\/\/arterestaurant.sk\/wp-content\/uploads\/2025\/09\/A7400451-20x13.jpg 20w, https:\/\/arterestaurant.sk\/wp-content\/uploads\/2025\/09\/A7400451-183x122.jpg 183w, https:\/\/arterestaurant.sk\/wp-content\/uploads\/2025\/09\/A7400451-12x8.jpg 12w, https:\/\/arterestaurant.sk\/wp-content\/uploads\/2025\/09\/A7400451-380x253.jpg 380w, https:\/\/arterestaurant.sk\/wp-content\/uploads\/2025\/09\/A7400451-690x460.jpg 690w, https:\/\/arterestaurant.sk\/wp-content\/uploads\/2025\/09\/A7400451-960x640.jpg 960w, https:\/\/arterestaurant.sk\/wp-content\/uploads\/2025\/09\/A7400451-scaled.jpg 1512w\" sizes=\"(max-width: 1448px) 100vw, 1448px\" \/><\/div><\/div><div class=\"at-overlay\" style=\"background-color: rgba(0, 0, 0, 0.5);z-index: 1;\"><\/div><div class=\"w-vwrapper us_custom_3fa2f513 us_animate_this align_center valign_middle\" style=\"--vwrapper-gap:0px\"><div class=\"wpb_text_column us_custom_eb849559\"><div class=\"wpb_wrapper\"><h1>Give an experience that will not be forgotten<\/h1>\n<\/div><\/div><div class=\"w-btn-wrapper align_center\"><a class=\"w-btn us-btn-style_1 at-btn-double us_custom_5460eb50\" target=\"_blank\" rel=\"nofollow noopener\" href=\"https:\/\/booking.kastielpalffy.sk\/sk\/vouchers\/category\/118\"><span class=\"w-btn-label\">Buy a gift voucher<\/span><\/a><\/div><\/div><\/div><\/div><\/div><\/div><\/section><section class=\"l-section wpb_row us_custom_29030625 height_auto width_custom\" style=\"--site-content-width:780px;\"><div class=\"l-section-h i-cf\"><div class=\"g-cols vc_row via_grid cols_1 laptops-cols_inherit tablets-cols_inherit mobiles-cols_1 valign_top type_default stacking_default\"><div class=\"wpb_column vc_column_container us_custom_a518f36e us_animate_this\"><div class=\"vc_column-inner\"><div class=\"wpb_text_column us_custom_f46cef55 subtitle-14 has_text_color\"><div class=\"wpb_wrapper\"><p>Gift vouchers<\/p>\n<\/div><\/div><div class=\"wpb_text_column us_custom_dc0ba1e2 text-24 has_text_color\"><div class=\"wpb_wrapper\"><p>A fine dining dinner at ARTE is more than just a meal, it&#8217;s a ten-course gastronomic spectacle that takes place in the historic spaces of P\u00e1lffy Manor. The atmosphere, the flavours, the aromas and the personal touch make this evening a gift that will be remembered for years to come.<\/p>\n<\/div><\/div><\/div><\/div><\/div><\/div><\/section><section class=\"l-section wpb_row us_custom_027a4a7a us_animate_this height_auto\"><div class=\"l-section-h i-cf\"><div class=\"g-cols vc_row via_grid cols_3 laptops-cols_inherit tablets-cols_inherit mobiles-cols_1 valign_top type_default stacking_default\" style=\"--columns-gap:1.25rem;\"><div class=\"wpb_column vc_column_container col-full\"><div class=\"vc_column-inner\"><div class=\"w-image us_custom_2d9ebfef at-img-tear-left has_ratio align_none\"><div class=\"w-image-h\"><div style=\"padding-bottom:133.1579%\"><\/div><img decoding=\"async\" width=\"337\" height=\"506\" src=\"https:\/\/arterestaurant.sk\/wp-content\/uploads\/2025\/09\/A7400896-337x506.jpg\" class=\"attachment-us_380_506 size-us_380_506\" alt=\"Glasses and desserts on the table\" loading=\"lazy\" \/><\/div><\/div><div class=\"wpb_text_column us_custom_91b66a08\"><div class=\"wpb_wrapper\"><h5>Voucher for a tasting dinner without pairing<\/h5>\n<\/div><\/div><div class=\"w-btn-wrapper default_align_center laptops_align_center tablets_align_justify mobiles_align_justify\"><a class=\"w-btn us-btn-style_2 at-btn-double us_custom_5460eb50\" target=\"_blank\" rel=\"nofollow noopener\" href=\"https:\/\/booking.kastielpalffy.sk\/sk\/vouchers\/detail\/698\"><span class=\"w-btn-label\">Buy online<\/span><\/a><\/div><\/div><\/div><div class=\"wpb_column vc_column_container col-full\"><div class=\"vc_column-inner\"><div class=\"w-image us_custom_2d9ebfef at-img-tear-right has_ratio align_none\"><div class=\"w-image-h\"><div style=\"padding-bottom:133.1579%\"><\/div><img decoding=\"async\" width=\"337\" height=\"506\" src=\"https:\/\/arterestaurant.sk\/wp-content\/uploads\/2025\/09\/20250607_185914-DSC03476-1-337x506.jpg\" class=\"attachment-us_380_506 size-us_380_506\" alt=\"Serv\u00edrovanie v\u00edna v elegantnej re\u0161taur\u00e1cii.\" loading=\"lazy\" \/><\/div><\/div><div class=\"wpb_text_column us_custom_91b66a08\"><div class=\"wpb_wrapper\"><h5>Voucher for wine tasting dinner with wine pairing<\/h5>\n<\/div><\/div><div class=\"w-btn-wrapper default_align_center laptops_align_center tablets_align_justify mobiles_align_justify\"><a class=\"w-btn us-btn-style_2 at-btn-double us_custom_5460eb50\" target=\"_blank\" rel=\"nofollow noopener\" href=\"https:\/\/booking.kastielpalffy.sk\/sk\/vouchers\/detail\/699\"><span class=\"w-btn-label\">Buy online<\/span><\/a><\/div><\/div><\/div><div class=\"wpb_column vc_column_container col-full\"><div class=\"vc_column-inner\"><div class=\"w-image us_custom_2d9ebfef at-img-tear-bottom has_ratio align_none\"><div class=\"w-image-h\"><div style=\"padding-bottom:133.1579%\"><\/div><img decoding=\"async\" width=\"337\" height=\"506\" src=\"https:\/\/arterestaurant.sk\/wp-content\/uploads\/2025\/09\/A7400635-337x506.jpg\" class=\"attachment-us_380_506 size-us_380_506\" alt=\"Elegantn\u00e1 dezertn\u00e1 miska s dymom\" loading=\"lazy\" \/><\/div><\/div><div class=\"wpb_text_column us_custom_91b66a08\"><div class=\"wpb_wrapper\"><h5>Voucher for a tasting dinner with nealk pairing<\/h5>\n<\/div><\/div><div class=\"w-btn-wrapper default_align_center laptops_align_center tablets_align_justify mobiles_align_justify\"><a class=\"w-btn us-btn-style_2 at-btn-double us_custom_5460eb50\" target=\"_blank\" rel=\"nofollow noopener\" href=\"https:\/\/booking.kastielpalffy.sk\/sk\/vouchers\/detail\/1038\"><span class=\"w-btn-label\">Buy online<\/span><\/a><\/div><\/div><\/div><\/div><\/div><\/section><section class=\"l-section wpb_row us_custom_713001a9 us_animate_this height_auto width_full\"><div class=\"l-section-h i-cf\"><div class=\"g-cols vc_row via_grid cols_1 laptops-cols_inherit tablets-cols_inherit mobiles-cols_1 valign_top type_default stacking_default\"><div class=\"wpb_column vc_column_container us_custom_1fe54976 has_bg_color\"><div class=\"vc_column-inner\"><div class=\"wpb_text_column us_custom_44464855\"><div class=\"wpb_wrapper\"><h2>The perfect gift<\/h2>\n<\/div><\/div><div class=\"g-cols wpb_row us_custom_2f02a88c via_grid cols_3 laptops-cols_inherit tablets-cols_inherit mobiles-cols_1 valign_top type_default stacking_default\" style=\"--columns-gap:1.25rem;--laptops-columns-gap:1.25rem;--tablets-columns-gap:3.125rem;--mobiles-columns-gap:3.125rem;\"><div class=\"wpb_column vc_column_container\"><div class=\"vc_column-inner\"><div class=\"w-image us_custom_b29765bb shrink-0 has_height align_none\"><div class=\"w-image-h\"><img decoding=\"async\" width=\"24\" height=\"24\" src=\"https:\/\/arterestaurant.sk\/wp-content\/uploads\/2025\/09\/gift.svg\" class=\"attachment-us_24_24 size-us_24_24\" alt=\"gift\" loading=\"lazy\" \/><\/div><\/div><div class=\"wpb_text_column\"><div class=\"wpb_wrapper\"><h5>Anniversaries and birthdays<\/h5>\n<\/div><\/div><\/div><\/div><div class=\"wpb_column vc_column_container\"><div class=\"vc_column-inner\"><div class=\"w-image us_custom_b29765bb shrink-0 has_height align_none\"><div class=\"w-image-h\"><img decoding=\"async\" width=\"24\" height=\"24\" src=\"https:\/\/arterestaurant.sk\/wp-content\/uploads\/2025\/09\/hand.svg\" class=\"attachment-us_24_24 size-us_24_24\" alt=\"hand\" loading=\"lazy\" \/><\/div><\/div><div class=\"wpb_text_column\"><div class=\"wpb_wrapper\"><h5>Wedding surprises<\/h5>\n<\/div><\/div><\/div><\/div><div class=\"wpb_column vc_column_container\"><div class=\"vc_column-inner\"><div class=\"w-image us_custom_b29765bb shrink-0 has_height align_none\"><div class=\"w-image-h\"><img decoding=\"async\" width=\"24\" height=\"24\" src=\"https:\/\/arterestaurant.sk\/wp-content\/uploads\/2025\/09\/handshake.svg\" class=\"attachment-us_24_24 size-us_24_24\" alt=\"handshake\" loading=\"lazy\" \/><\/div><\/div><div class=\"wpb_text_column\"><div class=\"wpb_wrapper\"><h5>Acknowledgements to clients and partners<\/h5>\n<\/div><\/div><\/div><\/div><\/div><\/div><\/div><\/div><\/div><\/section><section class=\"l-section wpb_row us_custom_e3cbe9f3 height_auto width_full\"><div class=\"l-section-h i-cf\"><div class=\"g-cols vc_row via_grid cols_1 laptops-cols_inherit tablets-cols_inherit mobiles-cols_1 valign_top type_default stacking_default\"><div class=\"wpb_column vc_column_container\"><div class=\"vc_column-inner\"><div class=\"w-grid us_carousel at-carousel-image type_carousel layout_878 preload_style_spinner items_3\" id=\"us_grid_1\" style=\"--items:3;--gap:1px;\"><style>.layout_878 .w-grid-item-h{}@media(max-width:960px){.layout_878 .usg_post_image_1{display:none!important}}@media(min-width:961px){.layout_878 .usg_post_image_2{display:none!important}}.layout_878 .usg_vwrapper_1{width:100%!important}.layout_878 .usg_post_image_1{width:100%!important}.layout_878 .usg_post_image_2{width:100%!important}<\/style><div class=\"w-grid-list owl-carousel valign_stretch dotstyle_circle navstyle_circle arrows-ver-pos_middle arrows-hor-pos_on_sides_inside arrows-disabled_hide owl-responsive-2000 with_arrows\" style=\"--transition-duration:600ms;--arrows-size:50px;--arrows-hor-offset:calc(0px - 1px);--arrows-gap:10px;\">\t<article class=\"w-grid-item post-653 attachment type-attachment status-inherit hentry\" data-id=\"653\">\r\n\t\t<div class=\"w-grid-item-h\">\r\n\t\t\t\t\t\t<div class=\"w-vwrapper usg_vwrapper_1 at-layout-image align_none valign_top\" style=\"--vwrapper-gap:0px\"><div class=\"w-post-elm post_image usg_post_image_1 shrink-0 has_width has_ratio\"><img loading=\"lazy\" decoding=\"async\" width=\"477\" height=\"716\" src=\"https:\/\/arterestaurant.sk\/wp-content\/uploads\/2025\/09\/A7400666-477x716.jpg\" class=\"attachment-us_477_750 size-us_477_750\" alt=\"\u017dena jedla dezert z misky.\" \/><div style=\"padding-bottom:157.2327%\"><\/div><\/div><div class=\"w-post-elm post_image usg_post_image_2 shrink-0 has_width has_ratio\"><img loading=\"lazy\" decoding=\"async\" width=\"477\" height=\"716\" src=\"https:\/\/arterestaurant.sk\/wp-content\/uploads\/2025\/09\/A7400666-477x716.jpg\" class=\"attachment-us_477_750 size-us_477_750\" alt=\"\u017dena jedla dezert z misky.\" \/><div style=\"padding-bottom:157.2327%\"><\/div><\/div><\/div>\t\t<\/div>\r\n\t\t\t<\/article>\r\n\t<article class=\"w-grid-item post-608 attachment type-attachment status-inherit hentry\" data-id=\"608\">\r\n\t\t<div class=\"w-grid-item-h\">\r\n\t\t\t\t\t\t<div class=\"w-vwrapper usg_vwrapper_1 at-layout-image align_none valign_top\" style=\"--vwrapper-gap:0px\"><div class=\"w-post-elm post_image usg_post_image_1 shrink-0 has_width has_ratio\"><img loading=\"lazy\" decoding=\"async\" width=\"477\" height=\"716\" src=\"https:\/\/arterestaurant.sk\/wp-content\/uploads\/2025\/09\/A7400500-477x716.jpg\" class=\"attachment-us_477_750 size-us_477_750\" alt=\"Ru\u010dne pod\u00e1van\u00fd mal\u00fd tanierik s jedlom\" \/><div style=\"padding-bottom:157.2327%\"><\/div><\/div><div class=\"w-post-elm post_image usg_post_image_2 shrink-0 has_width has_ratio\"><img loading=\"lazy\" decoding=\"async\" width=\"477\" height=\"716\" src=\"https:\/\/arterestaurant.sk\/wp-content\/uploads\/2025\/09\/A7400500-477x716.jpg\" class=\"attachment-us_477_750 size-us_477_750\" alt=\"Ru\u010dne pod\u00e1van\u00fd mal\u00fd tanierik s jedlom\" \/><div style=\"padding-bottom:157.2327%\"><\/div><\/div><\/div>\t\t<\/div>\r\n\t\t\t<\/article>\r\n\t<article class=\"w-grid-item post-499 attachment type-attachment status-inherit hentry\" data-id=\"499\">\r\n\t\t<div class=\"w-grid-item-h\">\r\n\t\t\t\t\t\t<div class=\"w-vwrapper usg_vwrapper_1 at-layout-image align_none valign_top\" style=\"--vwrapper-gap:0px\"><div class=\"w-post-elm post_image usg_post_image_1 shrink-0 has_width has_ratio\"><img loading=\"lazy\" decoding=\"async\" width=\"477\" height=\"716\" src=\"https:\/\/arterestaurant.sk\/wp-content\/uploads\/2025\/09\/A7400158-477x716.jpg\" class=\"attachment-us_477_750 size-us_477_750\" alt=\"\" \/><div style=\"padding-bottom:157.2327%\"><\/div><\/div><div class=\"w-post-elm post_image usg_post_image_2 shrink-0 has_width has_ratio\"><img loading=\"lazy\" decoding=\"async\" width=\"477\" height=\"716\" src=\"https:\/\/arterestaurant.sk\/wp-content\/uploads\/2025\/09\/A7400158-477x716.jpg\" class=\"attachment-us_477_750 size-us_477_750\" alt=\"\" \/><div style=\"padding-bottom:157.2327%\"><\/div><\/div><\/div>\t\t<\/div>\r\n\t\t\t<\/article>\r\n<\/div><div class=\"w-grid-carousel-json hidden\" onclick='return {&quot;carousel_settings&quot;:{&quot;aria_labels&quot;:{&quot;prev&quot;:&quot;Previous&quot;,&quot;next&quot;:&quot;Next&quot;},&quot;autoplayContinual&quot;:false,&quot;autoplayHoverPause&quot;:false,&quot;autoplayTimeout&quot;:3000,&quot;autoWidth&quot;:false,&quot;smartSpeed&quot;:600,&quot;margin&quot;:0,&quot;mouseDrag&quot;:true,&quot;rtl&quot;:false,&quot;slideBy&quot;:&quot;1&quot;,&quot;touchDrag&quot;:true,&quot;slideTransition&quot;:&quot;&quot;,&quot;responsive&quot;:{&quot;0&quot;:{&quot;autoHeight&quot;:false,&quot;autoplay&quot;:false,&quot;autoWidth&quot;:false,&quot;center&quot;:false,&quot;dots&quot;:false,&quot;items&quot;:1,&quot;loop&quot;:false,&quot;nav&quot;:false,&quot;stagePadding&quot;:0,&quot;slideBy&quot;:&quot;1&quot;},&quot;961&quot;:{&quot;items&quot;:3,&quot;autoplay&quot;:false,&quot;center&quot;:false,&quot;dots&quot;:false,&quot;nav&quot;:true,&quot;autoHeight&quot;:false,&quot;autoWidth&quot;:false,&quot;loop&quot;:false,&quot;stagePadding&quot;:0}}}}'><\/div><\/div><\/div><\/div><\/div><\/div><\/section><section class=\"l-section wpb_row us_custom_9926c604 height_auto\"><div class=\"l-section-h i-cf\"><div class=\"g-cols vc_row via_grid cols_1 laptops-cols_inherit tablets-cols_inherit mobiles-cols_1 valign_top type_default stacking_default\"><div class=\"wpb_column vc_column_container us_custom_60e9caca us_animate_this\"><div class=\"vc_column-inner\"><div class=\"wpb_text_column us_custom_a59fe13b subtitle-14 has_text_color\"><div class=\"wpb_wrapper\"><p>booking<\/p>\n<\/div><\/div><div class=\"wpb_text_column us_custom_eb849559\"><div class=\"wpb_wrapper\"><h2>Pleasing is easy<\/h2>\n<\/div><\/div><div class=\"wpb_text_column us_custom_9190ed16 text-16\"><div class=\"wpb_wrapper\"><p><a href=\"Tel:++421522853503\">+421 52 285 3503<\/a><br \/>\n<a href=\"mailto:reservations@kastielpalffy.sk\">reservations@kastielpalffy.sk<\/a><\/p>\n<\/div><\/div><div class=\"w-btn-wrapper align_center\"><a class=\"w-btn us-btn-style_2 at-btn-double us_custom_5460eb50\" target=\"_blank\" rel=\"nofollow noopener\" href=\"https:\/\/booking.kastielpalffy.sk\/sk\/vouchers\/category\/118\"><span class=\"w-btn-label\">Buy a gift voucher<\/span><\/a><\/div><\/div><\/div><\/div><\/div><\/section>\n","protected":false},"excerpt":{"rendered":"","protected":false},"author":1,"featured_media":966,"parent":0,"menu_order":0,"comment_status":"closed","ping_status":"closed","template":"","meta":{"footnotes":""},"class_list":["post-959","page","type-page","status-publish","has-post-thumbnail","hentry"],"_links":{"self":[{"href":"https:\/\/arterestaurant.sk\/en\/wp-json\/wp\/v2\/pages\/959","targetHints":{"allow":["GET"]}}],"collection":[{"href":"https:\/\/arterestaurant.sk\/en\/wp-json\/wp\/v2\/pages"}],"about":[{"href":"https:\/\/arterestaurant.sk\/en\/wp-json\/wp\/v2\/types\/page"}],"author":[{"embeddable":true,"href":"https:\/\/arterestaurant.sk\/en\/wp-json\/wp\/v2\/users\/1"}],"replies":[{"embeddable":true,"href":"https:\/\/arterestaurant.sk\/en\/wp-json\/wp\/v2\/comments?post=959"}],"version-history":[{"count":0,"href":"https:\/\/arterestaurant.sk\/en\/wp-json\/wp\/v2\/pages\/959\/revisions"}],"wp:featuredmedia":[{"embeddable":true,"href":"https:\/\/arterestaurant.sk\/en\/wp-json\/wp\/v2\/media\/966"}],"wp:attachment":[{"href":"https:\/\/arterestaurant.sk\/en\/wp-json\/wp\/v2\/media?parent=959"}],"curies":[{"name":"wp","href":"https:\/\/api.w.org\/{rel}","templated":true}]}}