{"id":949,"date":"2025-09-09T10:26:30","date_gmt":"2025-09-09T08:26:30","guid":{"rendered":"https:\/\/arterestaurant.sk\/accommodation\/"},"modified":"2026-04-08T10:46:36","modified_gmt":"2026-04-08T08:46:36","slug":"accommodation","status":"publish","type":"page","link":"https:\/\/arterestaurant.sk\/en\/accommodation\/","title":{"rendered":"Accommodation"},"content":{"rendered":"<section class=\"l-section wpb_row us_custom_696ad0e1 section-relative section-hero height_auto width_custom color_alternate\" style=\"--site-content-width:849px;\"><div class=\"l-section-h i-cf\"><div class=\"g-cols vc_row via_grid cols_1 laptops-cols_inherit tablets-cols_inherit mobiles-cols_1 valign_top type_default stacking_default\"><div class=\"wpb_column vc_column_container\"><div class=\"vc_column-inner\"><div class=\"w-image us_custom_eca2dcc9 at-img-tear-bottom has_height align_center\"><div class=\"w-image-h\"><img fetchpriority=\"high\" decoding=\"async\" width=\"1446\" height=\"965\" src=\"https:\/\/arterestaurant.sk\/wp-content\/uploads\/2026\/04\/DSD03904-scaled-1-1446x965.jpg\" class=\"attachment-us_1512_965 size-us_1512_965\" alt=\"\" loading=\"eager\" srcset=\"https:\/\/arterestaurant.sk\/wp-content\/uploads\/2026\/04\/DSD03904-scaled-1-1446x965.jpg 1446w, https:\/\/arterestaurant.sk\/wp-content\/uploads\/2026\/04\/DSD03904-scaled-1-300x200.jpg 300w, https:\/\/arterestaurant.sk\/wp-content\/uploads\/2026\/04\/DSD03904-scaled-1-1024x683.jpg 1024w, https:\/\/arterestaurant.sk\/wp-content\/uploads\/2026\/04\/DSD03904-scaled-1-580x387.jpg 580w, https:\/\/arterestaurant.sk\/wp-content\/uploads\/2026\/04\/DSD03904-scaled-1-477x318.jpg 477w, https:\/\/arterestaurant.sk\/wp-content\/uploads\/2026\/04\/DSD03904-scaled-1-320x214.jpg 320w, https:\/\/arterestaurant.sk\/wp-content\/uploads\/2026\/04\/DSD03904-scaled-1-105x70.jpg 105w, https:\/\/arterestaurant.sk\/wp-content\/uploads\/2026\/04\/DSD03904-scaled-1-53x35.jpg 53w, https:\/\/arterestaurant.sk\/wp-content\/uploads\/2026\/04\/DSD03904-scaled-1-24x16.jpg 24w, https:\/\/arterestaurant.sk\/wp-content\/uploads\/2026\/04\/DSD03904-scaled-1-16x11.jpg 16w, https:\/\/arterestaurant.sk\/wp-content\/uploads\/2026\/04\/DSD03904-scaled-1-20x13.jpg 20w, https:\/\/arterestaurant.sk\/wp-content\/uploads\/2026\/04\/DSD03904-scaled-1-183x122.jpg 183w, https:\/\/arterestaurant.sk\/wp-content\/uploads\/2026\/04\/DSD03904-scaled-1-12x8.jpg 12w, https:\/\/arterestaurant.sk\/wp-content\/uploads\/2026\/04\/DSD03904-scaled-1-380x254.jpg 380w, https:\/\/arterestaurant.sk\/wp-content\/uploads\/2026\/04\/DSD03904-scaled-1-689x460.jpg 689w, https:\/\/arterestaurant.sk\/wp-content\/uploads\/2026\/04\/DSD03904-scaled-1-959x640.jpg 959w, https:\/\/arterestaurant.sk\/wp-content\/uploads\/2026\/04\/DSD03904-scaled-1-scaled.jpg 1512w\" sizes=\"(max-width: 1446px) 100vw, 1446px\" \/><\/div><\/div><div class=\"at-overlay\" style=\"background-color: rgba(0, 0, 0, 0.5);z-index: 1;\"><\/div><div class=\"w-vwrapper us_custom_3fa2f513 us_animate_this align_center valign_middle\" style=\"--vwrapper-gap:0px\"><div class=\"wpb_text_column us_custom_eb849559\"><div class=\"wpb_wrapper\"><h1>A dinner that doesn&#8217;t have to end with the last course<\/h1>\n<\/div><\/div><\/div><\/div><\/div><\/div><\/div><\/section><section class=\"l-section wpb_row us_custom_29030625 height_auto width_custom\" style=\"--site-content-width:780px;\"><div class=\"l-section-h i-cf\"><div class=\"g-cols vc_row via_grid cols_1 laptops-cols_inherit tablets-cols_inherit mobiles-cols_1 valign_top type_default stacking_default\"><div class=\"wpb_column vc_column_container us_custom_a518f36e us_animate_this\"><div class=\"vc_column-inner\"><div class=\"wpb_text_column us_custom_f46cef55 subtitle-14 has_text_color\"><div class=\"wpb_wrapper\"><p>Accommodation in P\u00e1lffy Manor<\/p>\n<\/div><\/div><div class=\"wpb_text_column us_custom_dc0ba1e2 text-24 has_text_color\"><div class=\"wpb_wrapper\"><p>For guests of ARTE Restaurant we offer the possibility to spend the night directly in the historic manor house. Accommodation is available on Thursdays, Fridays and Saturdays. Exactly on the days when our ten-course tasting menu takes place. Treat yourself to an extra glass of wine, enjoy the refined atmosphere into the night and wake up to a breakfast to complete your experience.<\/p>\n<\/div><\/div><div class=\"w-separator size_small\"><\/div><div class=\"w-btn-wrapper align_center\"><a class=\"w-btn us-btn-style_2 at-btn-double\" href=\"https:\/\/arterestaurant.sk\/en\/contact\/\"><span class=\"w-btn-label\">INFORM YOURSELF<\/span><\/a><\/div><div class=\"wpb_text_column us_custom_9190ed16 text-16\"><div class=\"wpb_wrapper\"><p><a href=\"tel:+421522853503\">+421 52 285 3503<\/a><br \/>\n<a href=\"mailto:reservations@kastielpalffy.sk\">reservations@kastielpalffy.sk<\/a><\/p>\n<p>We will be happy to assist you with your accommodation reservation<br \/>\nfor the tasting dinner from Wednesday to Saturday.<br \/>\nDuring these days we are fully available by phone and email.<\/p>\n<\/div><\/div><\/div><\/div><\/div><\/div><\/section><section class=\"l-section wpb_row us_custom_abd2604e height_auto\"><div class=\"l-section-h i-cf\"><div class=\"g-cols vc_row via_grid cols_2 laptops-cols_inherit tablets-cols_inherit mobiles-cols_1 valign_middle type_default stacking_default\" style=\"--columns-gap:1.25rem;--laptops-columns-gap:1.25rem;--tablets-columns-gap:2.5rem;--mobiles-columns-gap:2.5rem;\"><div class=\"wpb_column vc_column_container us_custom_7e20fa79 us_animate_this\"><div class=\"vc_column-inner\"><div class=\"w-image us_custom_2d9ebfef at-img-tear-right has_ratio align_none\"><div class=\"w-image-h\"><div style=\"padding-bottom:100%\"><\/div><img decoding=\"async\" width=\"580\" height=\"580\" src=\"https:\/\/arterestaurant.sk\/wp-content\/uploads\/2025\/09\/apartman-katarina-palffy-min.png\" class=\"attachment-us_580_580 size-us_580_580\" alt=\"Podkrovn\u00fd apartm\u00e1n s dreven\u00fdmi tr\u00e1mami\" loading=\"lazy\" \/><\/div><\/div><\/div><\/div><div class=\"wpb_column vc_column_container us_custom_47474b22 us_animate_this\"><div class=\"vc_column-inner\"><div class=\"w-vwrapper us_custom_41d3486a align_none valign_top\" style=\"--vwrapper-gap:0px\"><div class=\"wpb_text_column\"><div class=\"wpb_wrapper\"><h2>Katar\u00edna P\u00e1lffy<\/h2>\n<\/div><\/div><div class=\"wpb_text_column us_custom_45fc385b text-16\"><div class=\"wpb_wrapper\"><p>Romantic loft apartment with a view of the church, a milk-glass bathtub and a sunken bed.<\/p>\n<\/div><\/div><div class=\"w-btn-wrapper align_none hide_on_default hide_on_laptops hide_on_tablets hide_on_mobiles\"><button class=\"w-btn us-btn-style_3 at-btn-link us_custom_45fc385b modal-opener modal-opener-reserve\" target=\"_blank\"><span class=\"w-btn-label\">Book your stay<\/span><\/button><\/div><\/div><\/div><\/div><\/div><\/div><\/section><section class=\"l-section wpb_row us_custom_abd2604e height_auto\"><div class=\"l-section-h i-cf\"><div class=\"g-cols vc_row via_grid cols_2 laptops-cols_inherit tablets-cols_inherit mobiles-cols_1 valign_middle type_default reversed stacking_default\" style=\"--columns-gap:1.25rem;--laptops-columns-gap:1.25rem;--tablets-columns-gap:2.5rem;--mobiles-columns-gap:2.5rem;\"><div class=\"wpb_column vc_column_container us_custom_47474b22 us_animate_this\"><div class=\"vc_column-inner\"><div class=\"w-vwrapper us_custom_bb8f1e83 align_none valign_top\" style=\"--vwrapper-gap:0px\"><div class=\"wpb_text_column\"><div class=\"wpb_wrapper\"><h2>Stefan Ile\u0161h\u00e1zi<\/h2>\n<\/div><\/div><div class=\"wpb_text_column us_custom_45fc385b text-16\"><div class=\"wpb_wrapper\"><p>Spacious maisonette in green tones overlooking the vineyards and accommodating up to 4 people.<\/p>\n<\/div><\/div><div class=\"w-btn-wrapper align_none hide_on_default hide_on_laptops hide_on_tablets hide_on_mobiles\"><button class=\"w-btn us-btn-style_3 at-btn-link us_custom_45fc385b modal-opener modal-opener-reserve\" target=\"_blank\"><span class=\"w-btn-label\">Book your stay<\/span><\/button><\/div><\/div><\/div><\/div><div class=\"wpb_column vc_column_container us_custom_7e20fa79 us_animate_this\"><div class=\"vc_column-inner\"><div class=\"w-image us_custom_2d9ebfef at-img-tear-left has_ratio align_none\"><div class=\"w-image-h\"><div style=\"padding-bottom:100%\"><\/div><img decoding=\"async\" width=\"580\" height=\"580\" src=\"https:\/\/arterestaurant.sk\/wp-content\/uploads\/2025\/09\/apartman-stefan-ileshazi-min.png\" class=\"attachment-us_580_580 size-us_580_580\" alt=\"Luxusn\u00e1 sp\u00e1l\u0148a s dreven\u00fdmi tr\u00e1my\" loading=\"lazy\" \/><\/div><\/div><\/div><\/div><\/div><\/div><\/section><section class=\"l-section wpb_row us_custom_abd2604e height_auto\"><div class=\"l-section-h i-cf\"><div class=\"g-cols vc_row via_grid cols_2 laptops-cols_inherit tablets-cols_inherit mobiles-cols_1 valign_middle type_default stacking_default\" style=\"--columns-gap:1.25rem;--laptops-columns-gap:1.25rem;--tablets-columns-gap:2.5rem;--mobiles-columns-gap:2.5rem;\"><div class=\"wpb_column vc_column_container us_custom_7e20fa79 us_animate_this\"><div class=\"vc_column-inner\"><div class=\"w-image us_custom_2d9ebfef at-img-tear-right has_ratio align_none\"><div class=\"w-image-h\"><div style=\"padding-bottom:100%\"><\/div><img decoding=\"async\" width=\"580\" height=\"580\" src=\"https:\/\/arterestaurant.sk\/wp-content\/uploads\/2025\/09\/apartman-jan-krusic-min.png\" class=\"attachment-us_580_580 size-us_580_580\" alt=\"Luxusn\u00e1 izba s dreven\u00fdmi tr\u00e1mami\" loading=\"lazy\" \/><\/div><\/div><\/div><\/div><div class=\"wpb_column vc_column_container us_custom_47474b22 us_animate_this\"><div class=\"vc_column-inner\"><div class=\"w-vwrapper us_custom_41d3486a align_none valign_top\" style=\"--vwrapper-gap:0px\"><div class=\"wpb_text_column\"><div class=\"wpb_wrapper\"><h2>J\u00e1n Kru\u0161i\u010d<\/h2>\n<\/div><\/div><div class=\"wpb_text_column us_custom_45fc385b text-16\"><div class=\"wpb_wrapper\"><p>Elegant apartment with silver interior, king size bed and a duplex area for additional guests.<\/p>\n<\/div><\/div><div class=\"w-btn-wrapper align_none hide_on_default hide_on_laptops hide_on_tablets hide_on_mobiles\"><button class=\"w-btn us-btn-style_3 at-btn-link us_custom_45fc385b modal-opener modal-opener-reserve\" target=\"_blank\"><span class=\"w-btn-label\">Book your stay<\/span><\/button><\/div><\/div><\/div><\/div><\/div><\/div><\/section><section class=\"l-section wpb_row us_custom_abd2604e height_auto\"><div class=\"l-section-h i-cf\"><div class=\"g-cols vc_row via_grid cols_2 laptops-cols_inherit tablets-cols_inherit mobiles-cols_1 valign_middle type_default reversed stacking_default\" style=\"--columns-gap:1.25rem;--laptops-columns-gap:1.25rem;--tablets-columns-gap:2.5rem;--mobiles-columns-gap:2.5rem;\"><div class=\"wpb_column vc_column_container us_custom_47474b22 us_animate_this\"><div class=\"vc_column-inner\"><div class=\"w-vwrapper us_custom_bb8f1e83 align_none valign_top\" style=\"--vwrapper-gap:0px\"><div class=\"wpb_text_column\"><div class=\"wpb_wrapper\"><h2>Imperial Suite<\/h2>\n<\/div><\/div><div class=\"wpb_text_column us_custom_45fc385b text-16\"><div class=\"wpb_wrapper\"><p>Modern two-bedroom apartment with beer bath and P\u00e1lffy Brauerei&#8217;s own tap room.<\/p>\n<\/div><\/div><div class=\"w-btn-wrapper align_none hide_on_default hide_on_laptops hide_on_tablets hide_on_mobiles\"><button class=\"w-btn us-btn-style_3 at-btn-link us_custom_45fc385b modal-opener modal-opener-reserve\" target=\"_blank\"><span class=\"w-btn-label\">Book your stay<\/span><\/button><\/div><\/div><\/div><\/div><div class=\"wpb_column vc_column_container us_custom_7e20fa79 us_animate_this\"><div class=\"vc_column-inner\"><div class=\"w-image us_custom_2d9ebfef at-img-tear-left has_ratio align_none\"><div class=\"w-image-h\"><div style=\"padding-bottom:100%\"><\/div><img decoding=\"async\" width=\"580\" height=\"580\" src=\"https:\/\/arterestaurant.sk\/wp-content\/uploads\/2025\/09\/cisarsky-apartman-min.png\" class=\"attachment-us_580_580 size-us_580_580\" alt=\"Modern\u00e1 sp\u00e1l\u0148a s elegantn\u00fdm n\u00e1bytkom\" loading=\"lazy\" \/><\/div><\/div><\/div><\/div><\/div><\/div><\/section><section class=\"l-section wpb_row us_custom_713001a9 us_animate_this hide_on_default hide_on_laptops hide_on_tablets hide_on_mobiles height_auto width_full\"><div class=\"l-section-h i-cf\"><div class=\"g-cols vc_row via_grid cols_1 laptops-cols_inherit tablets-cols_inherit mobiles-cols_1 valign_top type_default stacking_default\"><div class=\"wpb_column vc_column_container us_custom_1fe54976 has_bg_color\"><div class=\"vc_column-inner\"><div class=\"wpb_text_column us_custom_eb849559\"><div class=\"wpb_wrapper\"><h2>Stay package with breakfast and dinner<\/h2>\n<\/div><\/div><div class=\"wpb_text_column us_custom_9190ed16 text-16\"><div class=\"wpb_wrapper\"><p>For guests, we also offer a discounted package that combines all tastes and experiences into one.<\/p>\n<\/div><\/div><div class=\"g-cols wpb_row us_custom_9eae0896 via_grid cols_3 laptops-cols_inherit tablets-cols_inherit mobiles-cols_1 valign_top type_default stacking_default\" style=\"--columns-gap:1.25rem;--laptops-columns-gap:1.25rem;--tablets-columns-gap:3.125rem;--mobiles-columns-gap:3.125rem;\"><div class=\"wpb_column vc_column_container\"><div class=\"vc_column-inner\"><div class=\"w-image us_custom_b29765bb shrink-0 has_height align_none\"><div class=\"w-image-h\"><img decoding=\"async\" width=\"24\" height=\"24\" src=\"https:\/\/arterestaurant.sk\/wp-content\/uploads\/2025\/09\/tray.svg\" class=\"attachment-us_24_24 size-us_24_24\" alt=\"tray\" loading=\"lazy\" \/><\/div><\/div><div class=\"wpb_text_column\"><div class=\"wpb_wrapper\"><h5>10-course tasting<br \/>\ndinner with wine pairing<\/h5>\n<\/div><\/div><\/div><\/div><div class=\"wpb_column vc_column_container\"><div class=\"vc_column-inner\"><div class=\"w-image us_custom_b29765bb shrink-0 has_height align_none\"><div class=\"w-image-h\"><img decoding=\"async\" width=\"24\" height=\"24\" src=\"https:\/\/arterestaurant.sk\/wp-content\/uploads\/2025\/09\/bed.svg\" class=\"attachment-us_24_24 size-us_24_24\" alt=\"Poste\u013e s jednoduch\u00fdm dizajnom\" loading=\"lazy\" \/><\/div><\/div><div class=\"wpb_text_column\"><div class=\"wpb_wrapper\"><h5>Accommodation in one<br \/>\nof the apartments<\/h5>\n<\/div><\/div><\/div><\/div><div class=\"wpb_column vc_column_container\"><div class=\"vc_column-inner\"><div class=\"w-image us_custom_b29765bb shrink-0 has_height align_none\"><div class=\"w-image-h\"><img decoding=\"async\" width=\"24\" height=\"24\" src=\"https:\/\/arterestaurant.sk\/wp-content\/uploads\/2025\/09\/coffee.svg\" class=\"attachment-us_24_24 size-us_24_24\" alt=\"\u0160\u00e1lka k\u00e1vy s parou\" loading=\"lazy\" \/><\/div><\/div><div class=\"wpb_text_column\"><div class=\"wpb_wrapper\"><h5>Breakfast served<br \/>\nfrom 08:00 to 10:00<\/h5>\n<\/div><\/div><\/div><\/div><\/div><div class=\"w-separator size_medium\"><\/div><div class=\"w-btn-wrapper align_center\"><a class=\"w-btn us-btn-style_2 at-btn-double\" href=\"https:\/\/booking.kastielpalffy.sk\/sk\/vouchers\/detail\/1035\" target=\"_blank\" rel=\"noopener\"><span class=\"w-btn-label\">BOOK A STAY<\/span><\/a><\/div><\/div><\/div><\/div><\/div><\/section><section class=\"l-section wpb_row us_custom_9926c604 height_auto width_custom\" style=\"--site-content-width:579px;\"><div class=\"l-section-h i-cf\"><div class=\"g-cols vc_row via_grid cols_1 laptops-cols_inherit tablets-cols_inherit mobiles-cols_1 valign_top type_default stacking_default\"><div class=\"wpb_column vc_column_container us_custom_60e9caca us_animate_this\"><div class=\"vc_column-inner\"><div class=\"wpb_text_column us_custom_a59fe13b subtitle-14 has_text_color\"><div class=\"wpb_wrapper\"><p>booking<\/p>\n<\/div><\/div><div class=\"wpb_text_column us_custom_eb849559\"><div class=\"wpb_wrapper\"><h2>Accommodation can be booked together with dinner<\/h2>\n<\/div><\/div><div class=\"wpb_text_column us_custom_5cd9baa8 text-16\"><div class=\"wpb_wrapper\"><p><a href=\"tel:+421522853503\">+421 52 285 3503<\/a><br \/>\n<a href=\"mailto:reservations@kastielpalffy.sk\">reservations@kastielpalffy.sk<\/a><\/p>\n<p>We will be happy to assist you with your accommodation reservation<br \/>\nfor the tasting dinner from Wednesday to Saturday.<br \/>\nDuring these days we are fully available by phone and email.<\/p>\n<\/div><\/div><\/div><\/div><\/div><\/div><\/section>\n","protected":false},"excerpt":{"rendered":"A dinner that doesn&#8217;t have to end with the last course Accommodation in P\u00e1lffy Manor For guests of ARTE Restaurant we offer the possibility to spend the night directly in the historic manor house. Accommodation is available on Thursdays, Fridays and Saturdays. Exactly on the days when our ten-course tasting menu takes place. Treat yourself...","protected":false},"author":1,"featured_media":0,"parent":0,"menu_order":0,"comment_status":"closed","ping_status":"closed","template":"","meta":{"footnotes":""},"class_list":["post-949","page","type-page","status-publish","hentry"],"_links":{"self":[{"href":"https:\/\/arterestaurant.sk\/en\/wp-json\/wp\/v2\/pages\/949","targetHints":{"allow":["GET"]}}],"collection":[{"href":"https:\/\/arterestaurant.sk\/en\/wp-json\/wp\/v2\/pages"}],"about":[{"href":"https:\/\/arterestaurant.sk\/en\/wp-json\/wp\/v2\/types\/page"}],"author":[{"embeddable":true,"href":"https:\/\/arterestaurant.sk\/en\/wp-json\/wp\/v2\/users\/1"}],"replies":[{"embeddable":true,"href":"https:\/\/arterestaurant.sk\/en\/wp-json\/wp\/v2\/comments?post=949"}],"version-history":[{"count":0,"href":"https:\/\/arterestaurant.sk\/en\/wp-json\/wp\/v2\/pages\/949\/revisions"}],"wp:attachment":[{"href":"https:\/\/arterestaurant.sk\/en\/wp-json\/wp\/v2\/media?parent=949"}],"curies":[{"name":"wp","href":"https:\/\/api.w.org\/{rel}","templated":true}]}}