{"id":947,"date":"2025-09-09T10:26:39","date_gmt":"2025-09-09T08:26:39","guid":{"rendered":"https:\/\/arterestaurant.sk\/blog\/"},"modified":"2025-11-10T17:29:36","modified_gmt":"2025-11-10T16:29:36","slug":"blog","status":"publish","type":"page","link":"https:\/\/arterestaurant.sk\/en\/blog\/","title":{"rendered":"Blog"},"content":{"rendered":"<section class=\"l-section wpb_row us_custom_46af50d2 height_auto\"><div class=\"l-section-h i-cf\"><div class=\"g-cols vc_row via_grid cols_1 laptops-cols_inherit tablets-cols_inherit mobiles-cols_1 valign_top type_default stacking_default\"><div class=\"wpb_column vc_column_container us_custom_a518f36e us_animate_this\"><div class=\"vc_column-inner\"><div class=\"wpb_text_column us_custom_eb849559\"><div class=\"wpb_wrapper\"><h1>News<\/h1>\n<\/div><\/div><\/div><\/div><\/div><\/div><\/section><section class=\"l-section wpb_row us_custom_ce80b41a height_auto\"><div class=\"l-section-h i-cf\"><div class=\"g-cols vc_row via_grid cols_1 laptops-cols_inherit tablets-cols_inherit mobiles-cols_1 valign_top type_default stacking_default\"><div class=\"wpb_column vc_column_container\"><div class=\"vc_column-inner\"><div class=\"w-grid us_grid at-grid-columned at-grid-pagination-dark type_grid layout_315 cols_1 pagination_regular preload_style_spinner with_css_animation\" id=\"us_grid_1\" style=\"--columns:1;--gap:3.125rem;\" data-filterable=\"true\"><style>.layout_315 .w-grid-item-h{}.layout_315 .usg_post_image_1{width:100%!important;max-width:580px!important}.layout_315 .usg_vwrapper_1{width:100%!important;max-width:480px!important}.layout_315 .usg_post_date_1{color:var(--color-grey-500)!important}.layout_315 .usg_post_title_1{margin-top:0.5rem!important}.layout_315 .usg_post_content_1{margin-top:1.875rem!important}.layout_315 .usg_btn_1{margin-top:1.875rem!important}@media (min-width:961px) and (max-width:1180px){.layout_315 .usg_post_image_1{width:100%!important;max-width:580px!important}.layout_315 .usg_vwrapper_1{width:100%!important;max-width:480px!important}}@media (min-width:961px) and (max-width:960px){.layout_315 .usg_post_image_1{width:100%!important;max-width:100%!important}.layout_315 .usg_vwrapper_1{width:100%!important;max-width:100%!important}}@media (max-width:960px){.layout_315 .usg_post_image_1{width:100%!important;max-width:100%!important}.layout_315 .usg_vwrapper_1{width:100%!important;max-width:100%!important}}<\/style><div class=\"w-grid-list\">\t<article class=\"w-grid-item us_animate_afb size_1x1 post-1130 post type-post status-publish format-standard has-post-thumbnail hentry category-uncategorized\" data-id=\"1130\">\r\n\t\t<div class=\"w-grid-item-h\">\r\n\t\t\t\t\t\t<div class=\"w-hwrapper usg_hwrapper_1 at-layout-columned default_align_justify laptops_align_justify tablets_align_left mobiles_align_left valign_middle\" style=\"--hwrapper-gap:0px\"><div class=\"w-post-elm post_image usg_post_image_1 has_width has_ratio\"><img loading=\"lazy\" decoding=\"async\" width=\"387\" height=\"580\" src=\"https:\/\/arterestaurant.sk\/wp-content\/uploads\/2026\/04\/A7407065-387x580.jpg\" class=\"attachment-us_580_580 size-us_580_580 wp-post-image\" alt=\"\" \/><div style=\"padding-bottom:100%\"><\/div><\/div><div class=\"w-vwrapper usg_vwrapper_1 align_none valign_top\" style=\"--vwrapper-gap:0px\"><time class=\"w-post-elm post_date usg_post_date_1 subtitle-14 has_text_color entry-date published\" datetime=\"2026-04-22T12:20:22+02:00\">22. April \u201826<\/time><h2 class=\"w-post-elm post_title usg_post_title_1 entry-title color_link_inherit\">Who sets the tone in the ARTE kitchen?<\/h2><a class=\"w-btn us-btn-style_3 at-btn-link usg_btn_1\" href=\"https:\/\/arterestaurant.sk\/en\/arte-among-the-slovak-top-falstaff-and-gaultmillau-2\/\"><span class=\"w-btn-label\">Zobrazi\u0165 viac<\/span><\/a><\/div><\/div>\t\t<\/div>\r\n\t\t\t<\/article>\r\n\t<article class=\"w-grid-item us_animate_afb size_1x1 post-1071 post type-post status-publish format-standard has-post-thumbnail hentry category-uncategorized\" data-id=\"1071\">\r\n\t\t<div class=\"w-grid-item-h\">\r\n\t\t\t\t\t\t<div class=\"w-hwrapper usg_hwrapper_1 at-layout-columned default_align_justify laptops_align_justify tablets_align_left mobiles_align_left valign_middle\" style=\"--hwrapper-gap:0px\"><div class=\"w-post-elm post_image usg_post_image_1 has_width has_ratio\"><img loading=\"lazy\" decoding=\"async\" width=\"464\" height=\"580\" src=\"https:\/\/arterestaurant.sk\/wp-content\/uploads\/2026\/03\/ARTE-45-464x580.jpg\" class=\"attachment-us_580_580 size-us_580_580 wp-post-image\" alt=\"\" \/><div style=\"padding-bottom:100%\"><\/div><\/div><div class=\"w-vwrapper usg_vwrapper_1 align_none valign_top\" style=\"--vwrapper-gap:0px\"><time class=\"w-post-elm post_date usg_post_date_1 subtitle-14 has_text_color entry-date published\" datetime=\"2026-03-25T11:09:12+01:00\">25. March \u201826<\/time><h2 class=\"w-post-elm post_title usg_post_title_1 entry-title color_link_inherit\">ARTE among the Slovak top: Falstaff and Gault&amp;Millau<\/h2><a class=\"w-btn us-btn-style_3 at-btn-link usg_btn_1\" href=\"https:\/\/arterestaurant.sk\/en\/arte-among-the-slovak-top-falstaff-and-gaultmillau\/\"><span class=\"w-btn-label\">Zobrazi\u0165 viac<\/span><\/a><\/div><\/div>\t\t<\/div>\r\n\t\t\t<\/article>\r\n\t<article class=\"w-grid-item us_animate_afb size_1x1 post-900 post type-post status-publish format-standard has-post-thumbnail hentry category-uncategorized\" data-id=\"900\">\r\n\t\t<div class=\"w-grid-item-h\">\r\n\t\t\t\t\t\t<div class=\"w-hwrapper usg_hwrapper_1 at-layout-columned default_align_justify laptops_align_justify tablets_align_left mobiles_align_left valign_middle\" style=\"--hwrapper-gap:0px\"><div class=\"w-post-elm post_image usg_post_image_1 has_width has_ratio\"><img loading=\"lazy\" decoding=\"async\" width=\"435\" height=\"580\" src=\"https:\/\/arterestaurant.sk\/wp-content\/uploads\/2026\/03\/IMG_0784-435x580.jpg\" class=\"attachment-us_580_580 size-us_580_580 wp-post-image\" alt=\"\" \/><div style=\"padding-bottom:100%\"><\/div><\/div><div class=\"w-vwrapper usg_vwrapper_1 align_none valign_top\" style=\"--vwrapper-gap:0px\"><time class=\"w-post-elm post_date usg_post_date_1 subtitle-14 has_text_color entry-date published\" datetime=\"2026-03-13T13:36:28+01:00\">13. March \u201826<\/time><h2 class=\"w-post-elm post_title usg_post_title_1 entry-title color_link_inherit\">New ARTE chapter<\/h2><div class=\"w-post-elm post_content usg_post_content_1 text-16\"><p>Patrik Andrej\u010d\u00e1k is the new chef of ARTE Restaurant. He came to gastronomy through the stage, where he understood during his studies of acting that art can be created on the plate, through the rhythm of the evening, the work with detail and the emotion that remains after the last course. <\/p>\n<\/div><a class=\"w-btn us-btn-style_3 at-btn-link usg_btn_1\" href=\"https:\/\/arterestaurant.sk\/en\/jirka-zajicek-wins-prestigious-award-at-the-best-chef-awards-2025-in-milan\/\"><span class=\"w-btn-label\">Zobrazi\u0165 viac<\/span><\/a><\/div><\/div>\t\t<\/div>\r\n\t\t\t<\/article>\r\n\t<article class=\"w-grid-item us_animate_afb size_1x1 post-918 post type-post status-publish format-standard has-post-thumbnail hentry category-uncategorized\" data-id=\"918\">\r\n\t\t<div class=\"w-grid-item-h\">\r\n\t\t\t\t\t\t<div class=\"w-hwrapper usg_hwrapper_1 at-layout-columned default_align_justify laptops_align_justify tablets_align_left mobiles_align_left valign_middle\" style=\"--hwrapper-gap:0px\"><div class=\"w-post-elm post_image usg_post_image_1 has_width has_ratio\"><img loading=\"lazy\" decoding=\"async\" width=\"540\" height=\"540\" src=\"https:\/\/arterestaurant.sk\/wp-content\/uploads\/2025\/09\/kocka-1-1.jpg\" class=\"attachment-us_580_580 size-us_580_580 wp-post-image\" alt=\"Celebrating two years of art.\" \/><div style=\"padding-bottom:100%\"><\/div><\/div><div class=\"w-vwrapper usg_vwrapper_1 align_none valign_top\" style=\"--vwrapper-gap:0px\"><time class=\"w-post-elm post_date usg_post_date_1 subtitle-14 has_text_color entry-date published\" datetime=\"2025-09-19T09:20:54+02:00\">19. September \u201825<\/time><h2 class=\"w-post-elm post_title usg_post_title_1 entry-title color_link_inherit\">ORIGIN is cooking at ARTE &#8211; 15 October<\/h2><div class=\"w-post-elm post_content usg_post_content_1 text-16\"><p>On 15 October 2025, we will welcome the chef of ORIGIN restaurant Luk\u00e1\u0161 Heuser to ARTE to prepare a gourmet tasting menu for you.<\/p>\n<\/div><a class=\"w-btn us-btn-style_3 at-btn-link usg_btn_1\" href=\"https:\/\/arterestaurant.sk\/en\/origin-is-cooking-at-arte-15-october\/\"><span class=\"w-btn-label\">Zobrazi\u0165 viac<\/span><\/a><\/div><\/div>\t\t<\/div>\r\n\t\t\t<\/article>\r\n\t<article class=\"w-grid-item us_animate_afb size_1x1 post-929 post type-post status-publish format-standard has-post-thumbnail hentry category-uncategorized\" data-id=\"929\">\r\n\t\t<div class=\"w-grid-item-h\">\r\n\t\t\t\t\t\t<div class=\"w-hwrapper usg_hwrapper_1 at-layout-columned default_align_justify laptops_align_justify tablets_align_left mobiles_align_left valign_middle\" style=\"--hwrapper-gap:0px\"><div class=\"w-post-elm post_image usg_post_image_1 has_width has_ratio\"><img loading=\"lazy\" decoding=\"async\" width=\"580\" height=\"580\" src=\"https:\/\/arterestaurant.sk\/wp-content\/uploads\/2025\/09\/DSC06575-scaled-e1758277282259-580x580.jpg\" class=\"attachment-us_580_580 size-us_580_580 wp-post-image\" alt=\"Four chefs in the restaurant.\" \/><div style=\"padding-bottom:100%\"><\/div><\/div><div class=\"w-vwrapper usg_vwrapper_1 align_none valign_top\" style=\"--vwrapper-gap:0px\"><time class=\"w-post-elm post_date usg_post_date_1 subtitle-14 has_text_color entry-date published\" datetime=\"2025-09-10T10:26:06+02:00\">10. September \u201825<\/time><h2 class=\"w-post-elm post_title usg_post_title_1 entry-title color_link_inherit\">ARTE Tasting Dinner at Hotel Lomnica<\/h2><div class=\"w-post-elm post_content usg_post_content_1 text-16\"><p>On August 30, we ended the summer in style at Hotel Lomnica, chef Ji\u0159\u00ed Zaj\u00ed\u010dek and the ARTE team prepared an 8-course tasting menu with wine pairing VIAJUR, which brought guests an unforgettable fine dining experience under the Tatra Mountains.<\/p>\n<\/div><a class=\"w-btn us-btn-style_3 at-btn-link usg_btn_1\" href=\"https:\/\/arterestaurant.sk\/en\/arte-tasting-dinner-at-hotel-lomnica\/\"><span class=\"w-btn-label\">Zobrazi\u0165 viac<\/span><\/a><\/div><\/div>\t\t<\/div>\r\n\t\t\t<\/article>\r\n<\/div>\t<div class=\"w-grid-preloader\">\r\n\t\t<div class=\"g-preloader type_1\">\r\n\t\t\t<div><\/div>\r\n\t\t<\/div>\r\n\t<\/div>\r\n\t\t\t\t<nav class=\"pagination navigation\" role=\"navigation\">\r\n\t\t\t\t<div class=\"nav-links custom us-nav-style_4\">\r\n\t\t\t\t\t<span aria-current=\"page\" class=\"page-numbers current\"><span>1<\/span><\/span>\n<a class=\"page-numbers\" href=\"https:\/\/arterestaurant.sk\/en\/wp-json\/wp\/v2\/pages\/947\/page\/2\/\"><span>2<\/span><\/a>\n<a class=\"next page-numbers\" href=\"https:\/\/arterestaurant.sk\/en\/wp-json\/wp\/v2\/pages\/947\/page\/2\/\"><span>Next<\/span><\/a>\t\t\t\t<\/div>\r\n\t\t\t<\/nav>\r\n\t\t\t\t<div class=\"w-grid-json hidden\" onclick='return {&quot;action&quot;:&quot;us_ajax_grid&quot;,&quot;infinite_scroll&quot;:0,&quot;max_num_pages&quot;:2,&quot;pagination&quot;:&quot;regular&quot;,&quot;template_vars&quot;:{&quot;columns&quot;:&quot;1&quot;,&quot;exclude_items&quot;:&quot;none&quot;,&quot;img_size&quot;:&quot;default&quot;,&quot;ignore_items_size&quot;:0,&quot;items_layout&quot;:&quot;315&quot;,&quot;items_offset&quot;:&quot;1&quot;,&quot;load_animation&quot;:&quot;afb&quot;,&quot;overriding_link&quot;:&quot;%7B%22url%22%3A%22%22%7D&quot;,&quot;post_id&quot;:0,&quot;query_args&quot;:{&quot;post_type&quot;:[&quot;post&quot;],&quot;post_status&quot;:[&quot;publish&quot;],&quot;posts_per_page&quot;:&quot;5&quot;},&quot;orderby_query_args&quot;:{&quot;orderby&quot;:{&quot;date&quot;:&quot;DESC&quot;}},&quot;type&quot;:&quot;grid&quot;,&quot;us_grid_post_type&quot;:&quot;post&quot;,&quot;us_grid_ajax_index&quot;:1,&quot;us_grid_filter_query_string&quot;:null,&quot;us_grid_index&quot;:1,&quot;page_args&quot;:[],&quot;lang&quot;:&quot;en&quot;}}'><\/div>\r\n\t<\/div><div class=\"w-btn-wrapper align_center\"><button class=\"w-btn us-btn-style_2 at-btn-double us_custom_45fc385b at-grid-pagination-next\"><span class=\"w-btn-label\">other articles<\/span><\/button><\/div><\/div><\/div><\/div><\/div><\/section>\n","protected":false},"excerpt":{"rendered":"10. September \u201825ARTE Tasting Dinner at Hotel LomnicaARTE in Hotel Lomnica: Tasting dinner that ended the summer in the Tatras On Saturday, 30th August, we moved with our team from the P\u00e1lffy Manor to the heart of the High Tatras to prepare together with Hotel Lomnica an exceptional evening for our guests. Under the guidance...","protected":false},"author":1,"featured_media":0,"parent":0,"menu_order":0,"comment_status":"closed","ping_status":"closed","template":"","meta":{"footnotes":""},"class_list":["post-947","page","type-page","status-publish","hentry"],"_links":{"self":[{"href":"https:\/\/arterestaurant.sk\/en\/wp-json\/wp\/v2\/pages\/947","targetHints":{"allow":["GET"]}}],"collection":[{"href":"https:\/\/arterestaurant.sk\/en\/wp-json\/wp\/v2\/pages"}],"about":[{"href":"https:\/\/arterestaurant.sk\/en\/wp-json\/wp\/v2\/types\/page"}],"author":[{"embeddable":true,"href":"https:\/\/arterestaurant.sk\/en\/wp-json\/wp\/v2\/users\/1"}],"replies":[{"embeddable":true,"href":"https:\/\/arterestaurant.sk\/en\/wp-json\/wp\/v2\/comments?post=947"}],"version-history":[{"count":0,"href":"https:\/\/arterestaurant.sk\/en\/wp-json\/wp\/v2\/pages\/947\/revisions"}],"wp:attachment":[{"href":"https:\/\/arterestaurant.sk\/en\/wp-json\/wp\/v2\/media?parent=947"}],"curies":[{"name":"wp","href":"https:\/\/api.w.org\/{rel}","templated":true}]}}