{"id":1032,"date":"2025-09-08T09:35:52","date_gmt":"2025-09-08T07:35:52","guid":{"rendered":"https:\/\/arterestaurant.sk\/menu-2\/"},"modified":"2026-04-09T09:15:56","modified_gmt":"2026-04-09T07:15:56","slug":"menu-2","status":"publish","type":"page","link":"https:\/\/arterestaurant.sk\/en\/menu-2\/","title":{"rendered":"Menu"},"content":{"rendered":"<section class=\"l-section wpb_row us_custom_696ad0e1 section-relative section-hero height_auto width_custom color_alternate\" style=\"--site-content-width:849px;\"><div class=\"l-section-h i-cf\"><div class=\"g-cols vc_row via_grid cols_1 laptops-cols_inherit tablets-cols_inherit mobiles-cols_1 valign_top type_default stacking_default\"><div class=\"wpb_column vc_column_container\"><div class=\"vc_column-inner\"><div class=\"w-image us_custom_eca2dcc9 at-img-tear-bottom has_height align_center\"><div class=\"w-image-h\"><img fetchpriority=\"high\" decoding=\"async\" width=\"1448\" height=\"965\" src=\"https:\/\/arterestaurant.sk\/wp-content\/uploads\/2026\/04\/A7407110-1448x965.jpg\" class=\"attachment-us_1512_965 size-us_1512_965\" alt=\"\" loading=\"eager\" srcset=\"https:\/\/arterestaurant.sk\/wp-content\/uploads\/2026\/04\/A7407110-1448x965.jpg 1448w, https:\/\/arterestaurant.sk\/wp-content\/uploads\/2026\/04\/A7407110-300x200.jpg 300w, https:\/\/arterestaurant.sk\/wp-content\/uploads\/2026\/04\/A7407110-1024x683.jpg 1024w, https:\/\/arterestaurant.sk\/wp-content\/uploads\/2026\/04\/A7407110-580x387.jpg 580w, https:\/\/arterestaurant.sk\/wp-content\/uploads\/2026\/04\/A7407110-477x318.jpg 477w, https:\/\/arterestaurant.sk\/wp-content\/uploads\/2026\/04\/A7407110-320x213.jpg 320w, https:\/\/arterestaurant.sk\/wp-content\/uploads\/2026\/04\/A7407110-105x70.jpg 105w, https:\/\/arterestaurant.sk\/wp-content\/uploads\/2026\/04\/A7407110-53x35.jpg 53w, https:\/\/arterestaurant.sk\/wp-content\/uploads\/2026\/04\/A7407110-24x16.jpg 24w, https:\/\/arterestaurant.sk\/wp-content\/uploads\/2026\/04\/A7407110-16x11.jpg 16w, https:\/\/arterestaurant.sk\/wp-content\/uploads\/2026\/04\/A7407110-20x13.jpg 20w, https:\/\/arterestaurant.sk\/wp-content\/uploads\/2026\/04\/A7407110-183x122.jpg 183w, https:\/\/arterestaurant.sk\/wp-content\/uploads\/2026\/04\/A7407110-12x8.jpg 12w, https:\/\/arterestaurant.sk\/wp-content\/uploads\/2026\/04\/A7407110-380x253.jpg 380w, https:\/\/arterestaurant.sk\/wp-content\/uploads\/2026\/04\/A7407110-690x460.jpg 690w, https:\/\/arterestaurant.sk\/wp-content\/uploads\/2026\/04\/A7407110-960x640.jpg 960w, https:\/\/arterestaurant.sk\/wp-content\/uploads\/2026\/04\/A7407110-scaled.jpg 1512w\" sizes=\"(max-width: 1448px) 100vw, 1448px\" \/><\/div><\/div><div class=\"at-overlay\" style=\"background-color: rgba(0, 0, 0, 0.5);z-index: 1;\"><\/div><div class=\"w-vwrapper us_custom_3fa2f513 us_animate_this align_center valign_middle\" style=\"--vwrapper-gap:0px\"><div class=\"wpb_text_column text-16\"><div class=\"wpb_wrapper\"><p>Art on the plate, wine in the glass, a story in every course.<\/p>\n<\/div><\/div><div class=\"wpb_text_column us_custom_2cd79ffc\"><div class=\"wpb_wrapper\"><h1>Fine dining experience at ARTE<\/h1>\n<\/div><\/div><div class=\"w-btn-wrapper align_center\"><button class=\"w-btn us-btn-style_1 at-btn-double us_custom_5460eb50 modal-opener modal-opener-reserve\"><span class=\"w-btn-label\">Book a table<\/span><\/button><\/div><\/div><\/div><\/div><\/div><\/div><\/section><section class=\"l-section wpb_row us_custom_29030625 height_auto width_custom\" style=\"--site-content-width:780px;\"><div class=\"l-section-h i-cf\"><div class=\"g-cols vc_row via_grid cols_1 laptops-cols_inherit tablets-cols_inherit mobiles-cols_1 valign_top type_default stacking_default\"><div class=\"wpb_column vc_column_container us_custom_a518f36e us_animate_this\"><div class=\"vc_column-inner\"><div class=\"wpb_text_column us_custom_f46cef55 subtitle-14 has_text_color\"><div class=\"wpb_wrapper\"><p>fine dining<\/p>\n<\/div><\/div><div class=\"wpb_text_column us_custom_dc0ba1e2 text-24 has_text_color\"><div class=\"wpb_wrapper\"><p>With us it is a fine dining experience. A thoughtful, ten-course dinner that starts at 18:00 sharp. From the first bite in the lounge to the last sip in the restaurant, everything unfolds like our own little theatre. Each course has its own time, its own scene and its own role during a dinner you&#8217;ll remember for a long time.<\/p>\n<\/div><\/div><\/div><\/div><\/div><\/div><\/section><section class=\"l-section wpb_row us_custom_6c3dd981 height_auto\"><div class=\"l-section-h i-cf\"><div class=\"g-cols vc_row via_grid cols_2 laptops-cols_inherit tablets-cols_inherit mobiles-cols_1 valign_top type_default stacking_default\" style=\"--columns-gap:1.25rem;--laptops-columns-gap:1.25rem;--tablets-columns-gap:2.5rem;--mobiles-columns-gap:2.5rem;\"><div class=\"wpb_column vc_column_container\"><div class=\"vc_column-inner\"><div class=\"w-vwrapper us_custom_75f4d53e us_animate_this align_center valign_top has-link\" style=\"--vwrapper-gap:1.25rem\"><div class=\"w-image us_custom_2d9ebfef at-img-tear-bottom has_ratio align_center\"><div class=\"w-image-h\"><div style=\"padding-bottom:133.1579%\"><\/div><img decoding=\"async\" width=\"1008\" height=\"1512\" src=\"https:\/\/arterestaurant.sk\/wp-content\/uploads\/2026\/04\/A7406798-scaled.jpg\" class=\"attachment-full size-full\" alt=\"\" loading=\"lazy\" \/><\/div><\/div><div class=\"wpb_text_column us_custom_0147183a text-24\"><div class=\"wpb_wrapper\"><p>9-course<br \/>\ntasting menu<br \/>\n<strong>120 \u20ac \/ person<\/strong><\/p>\n<\/div><\/div><div class=\"w-btn-wrapper default_align_center laptops_align_center tablets_align_justify mobiles_align_justify\"><a class=\"w-btn us-btn-style_2 at-btn-double\" href=\"https:\/\/arterestaurant.sk\/en\/tasting-menu\/\"><span class=\"w-btn-label\">View the tasting menu<\/span><\/a><\/div><a href=\"https:\/\/arterestaurant.sk\/en\/tasting-menu\/\" class=\"w-vwrapper-link smooth-scroll\" aria-label=\"Link\"><\/a><\/div><\/div><\/div><div class=\"wpb_column vc_column_container\"><div class=\"vc_column-inner\"><div class=\"w-vwrapper us_custom_870b552e us_animate_this align_center valign_top has-link\" style=\"--vwrapper-gap:1.25rem\"><div class=\"w-image us_custom_2d9ebfef at-img-tear-top has_ratio align_center\"><div class=\"w-image-h\"><div style=\"padding-bottom:133.1579%\"><\/div><img decoding=\"async\" width=\"1008\" height=\"1512\" src=\"https:\/\/arterestaurant.sk\/wp-content\/uploads\/2026\/04\/A7406631-scaled.jpg\" class=\"attachment-full size-full\" alt=\"\" loading=\"lazy\" \/><\/div><\/div><div class=\"wpb_text_column us_custom_0147183a text-24\"><div class=\"wpb_wrapper\"><p>9-course<br \/>\nvegetarian menu<br \/>\n<strong>120 \u20ac \/ person<\/strong><\/p>\n<\/div><\/div><div class=\"w-btn-wrapper default_align_center laptops_align_center tablets_align_justify mobiles_align_justify\"><a class=\"w-btn us-btn-style_2 at-btn-double\" href=\"https:\/\/arterestaurant.sk\/en\/vegetarian-menu\/\"><span class=\"w-btn-label\">View vegetarian menu<\/span><\/a><\/div><a href=\"https:\/\/arterestaurant.sk\/en\/vegetarian-menu\/\" class=\"w-vwrapper-link smooth-scroll\" aria-label=\"Link\"><\/a><\/div><\/div><\/div><\/div><\/div><\/section><section class=\"l-section wpb_row height_auto width_full\"><div class=\"l-section-h i-cf\"><div class=\"g-cols vc_row via_grid cols_1 laptops-cols_inherit tablets-cols_inherit mobiles-cols_1 valign_top type_default\" style=\"--columns-gap:1px;\"><div class=\"wpb_column vc_column_container\"><div class=\"vc_column-inner\"><div class=\"w-grid us_carousel at-carousel-image type_carousel layout_878 preload_style_spinner items_3\" id=\"us_grid_1\" style=\"--items:3;--gap:1px;\"><style>.layout_878 .w-grid-item-h{}@media(max-width:960px){.layout_878 .usg_post_image_1{display:none!important}}@media(min-width:961px){.layout_878 .usg_post_image_2{display:none!important}}.layout_878 .usg_vwrapper_1{width:100%!important}.layout_878 .usg_post_image_1{width:100%!important}.layout_878 .usg_post_image_2{width:100%!important}<\/style><div class=\"w-grid-list owl-carousel valign_stretch dotstyle_circle navstyle_circle arrows-ver-pos_middle arrows-hor-pos_on_sides_inside arrows-disabled_hide owl-responsive-2000 with_arrows\" style=\"--transition-duration:600ms;--arrows-size:50px;--arrows-hor-offset:calc(0px - 1px);--arrows-gap:10px;\">\t<article class=\"w-grid-item post-757 attachment type-attachment status-inherit hentry\" data-id=\"757\">\r\n\t\t<div class=\"w-grid-item-h\">\r\n\t\t\t\t\t\t<div class=\"w-vwrapper usg_vwrapper_1 at-layout-image align_none valign_top\" style=\"--vwrapper-gap:0px\"><div class=\"w-post-elm post_image usg_post_image_1 shrink-0 has_width has_ratio\"><img loading=\"lazy\" decoding=\"async\" width=\"477\" height=\"716\" src=\"https:\/\/arterestaurant.sk\/wp-content\/uploads\/2025\/09\/A7401218-477x716.jpg\" class=\"attachment-us_477_750 size-us_477_750\" alt=\"Sklenen\u00e9 n\u00e1doby s konzervovanou zeleninou.\" \/><div style=\"padding-bottom:157.2327%\"><\/div><\/div><div class=\"w-post-elm post_image usg_post_image_2 shrink-0 has_width has_ratio\"><img loading=\"lazy\" decoding=\"async\" width=\"477\" height=\"716\" src=\"https:\/\/arterestaurant.sk\/wp-content\/uploads\/2025\/09\/A7401218-477x716.jpg\" class=\"attachment-us_477_750 size-us_477_750\" alt=\"Sklenen\u00e9 n\u00e1doby s konzervovanou zeleninou.\" \/><div style=\"padding-bottom:157.2327%\"><\/div><\/div><\/div>\t\t<\/div>\r\n\t\t\t<\/article>\r\n\t<article class=\"w-grid-item post-739 attachment type-attachment status-inherit hentry\" data-id=\"739\">\r\n\t\t<div class=\"w-grid-item-h\">\r\n\t\t\t\t\t\t<div class=\"w-vwrapper usg_vwrapper_1 at-layout-image align_none valign_top\" style=\"--vwrapper-gap:0px\"><div class=\"w-post-elm post_image usg_post_image_1 shrink-0 has_width has_ratio\"><img loading=\"lazy\" decoding=\"async\" width=\"477\" height=\"716\" src=\"https:\/\/arterestaurant.sk\/wp-content\/uploads\/2025\/09\/A7401141-477x716.jpg\" class=\"attachment-us_477_750 size-us_477_750\" alt=\"Elegantn\u00fd st\u00f4l s jed\u00e1lnym l\u00edstkom\" \/><div style=\"padding-bottom:157.2327%\"><\/div><\/div><div class=\"w-post-elm post_image usg_post_image_2 shrink-0 has_width has_ratio\"><img loading=\"lazy\" decoding=\"async\" width=\"477\" height=\"716\" src=\"https:\/\/arterestaurant.sk\/wp-content\/uploads\/2025\/09\/A7401141-477x716.jpg\" class=\"attachment-us_477_750 size-us_477_750\" alt=\"Elegantn\u00fd st\u00f4l s jed\u00e1lnym l\u00edstkom\" \/><div style=\"padding-bottom:157.2327%\"><\/div><\/div><\/div>\t\t<\/div>\r\n\t\t\t<\/article>\r\n\t<article class=\"w-grid-item post-680 attachment type-attachment status-inherit hentry\" data-id=\"680\">\r\n\t\t<div class=\"w-grid-item-h\">\r\n\t\t\t\t\t\t<div class=\"w-vwrapper usg_vwrapper_1 at-layout-image align_none valign_top\" style=\"--vwrapper-gap:0px\"><div class=\"w-post-elm post_image usg_post_image_1 shrink-0 has_width has_ratio\"><img loading=\"lazy\" decoding=\"async\" width=\"477\" height=\"716\" src=\"https:\/\/arterestaurant.sk\/wp-content\/uploads\/2025\/09\/A7400821-477x716.jpg\" class=\"attachment-us_477_750 size-us_477_750\" alt=\"F\u013ea\u0161e v\u00edna na bielom stole\" \/><div style=\"padding-bottom:157.2327%\"><\/div><\/div><div class=\"w-post-elm post_image usg_post_image_2 shrink-0 has_width has_ratio\"><img loading=\"lazy\" decoding=\"async\" width=\"477\" height=\"716\" src=\"https:\/\/arterestaurant.sk\/wp-content\/uploads\/2025\/09\/A7400821-477x716.jpg\" class=\"attachment-us_477_750 size-us_477_750\" alt=\"F\u013ea\u0161e v\u00edna na bielom stole\" \/><div style=\"padding-bottom:157.2327%\"><\/div><\/div><\/div>\t\t<\/div>\r\n\t\t\t<\/article>\r\n<\/div><div class=\"w-grid-carousel-json hidden\" onclick='return {&quot;carousel_settings&quot;:{&quot;aria_labels&quot;:{&quot;prev&quot;:&quot;Previous&quot;,&quot;next&quot;:&quot;Next&quot;},&quot;autoplayContinual&quot;:false,&quot;autoplayHoverPause&quot;:false,&quot;autoplayTimeout&quot;:3000,&quot;autoWidth&quot;:false,&quot;smartSpeed&quot;:600,&quot;margin&quot;:0,&quot;mouseDrag&quot;:true,&quot;rtl&quot;:false,&quot;slideBy&quot;:&quot;1&quot;,&quot;touchDrag&quot;:true,&quot;slideTransition&quot;:&quot;&quot;,&quot;responsive&quot;:{&quot;0&quot;:{&quot;autoHeight&quot;:false,&quot;autoplay&quot;:false,&quot;autoWidth&quot;:false,&quot;center&quot;:false,&quot;dots&quot;:false,&quot;items&quot;:1,&quot;loop&quot;:false,&quot;nav&quot;:false,&quot;stagePadding&quot;:0,&quot;slideBy&quot;:&quot;1&quot;},&quot;961&quot;:{&quot;items&quot;:3,&quot;autoplay&quot;:false,&quot;center&quot;:false,&quot;dots&quot;:false,&quot;nav&quot;:true,&quot;autoHeight&quot;:false,&quot;autoWidth&quot;:false,&quot;loop&quot;:false,&quot;stagePadding&quot;:0}}}}'><\/div><\/div><\/div><\/div><\/div><\/div><\/section><section class=\"l-section wpb_row us_custom_6c3dd981 height_auto\"><div class=\"l-section-h i-cf\"><div class=\"g-cols vc_row via_grid cols_2 laptops-cols_inherit tablets-cols_inherit mobiles-cols_1 valign_middle type_default stacking_default\" style=\"--columns-gap:1.25rem;--laptops-columns-gap:1.25rem;--tablets-columns-gap:2.5rem;--mobiles-columns-gap:2.5rem;\"><div class=\"wpb_column vc_column_container us_custom_7e20fa79 us_animate_this\"><div class=\"vc_column-inner\"><div class=\"w-image us_custom_2d9ebfef at-img-tear-right has_ratio align_center\"><div class=\"w-image-h\"><div style=\"padding-bottom:133.2759%\"><\/div><img decoding=\"async\" width=\"1008\" height=\"1512\" src=\"https:\/\/arterestaurant.sk\/wp-content\/uploads\/2026\/04\/A7407001-scaled.jpg\" class=\"attachment-full size-full\" alt=\"\" loading=\"lazy\" \/><\/div><\/div><\/div><\/div><div class=\"wpb_column vc_column_container us_custom_71fd05fa us_animate_this\"><div class=\"vc_column-inner\"><div class=\"w-vwrapper us_custom_41d3486a align_none valign_top\" style=\"--vwrapper-gap:0px\"><div class=\"wpb_text_column us_custom_609e9d44 subtitle-14 has_text_color\"><div class=\"wpb_wrapper\"><p>Pairing drinks<\/p>\n<\/div><\/div><div class=\"wpb_text_column us_custom_e2aee182 text-24\"><div class=\"wpb_wrapper\"><p>For every course, we will be happy to recommend the ideal drinks to support and enhance the taste experience. We offer wines from our own winery <a href=\"https:\/\/viajur.sk\/\" target=\"_blank\" rel=\"noopener\">VIAJUR<\/a>. Also artisan juices, teas, kombucha, herbal extracts.<\/p>\n<\/div><\/div><div class=\"w-btn-wrapper align_left\"><button class=\"w-btn us-btn-style_3 at-btn-link us_custom_5460eb50 modal-opener modal-opener-parovanie\"><span class=\"w-btn-label\">show pairing<\/span><\/button><\/div><\/div><\/div><\/div><\/div><\/div><\/section><section class=\"l-section wpb_row us_custom_10db7e39 us_animate_this height_auto width_full\"><div class=\"l-section-h i-cf\"><div class=\"g-cols vc_row via_grid cols_1 laptops-cols_inherit tablets-cols_inherit mobiles-cols_1 valign_top type_default stacking_default\"><div class=\"wpb_column vc_column_container us_custom_1fe54976 has_bg_color\"><div class=\"vc_column-inner\"><div class=\"wpb_text_column us_custom_44464855\"><div class=\"wpb_wrapper\"><h2>How the dinner takes place<\/h2>\n<\/div><\/div><div class=\"g-cols wpb_row us_custom_2f02a88c via_grid cols_4 laptops-cols_inherit tablets-cols_inherit mobiles-cols_1 valign_top type_default stacking_default\" style=\"--columns-gap:1.25rem;--laptops-columns-gap:1.25rem;--tablets-columns-gap:3.125rem;--mobiles-columns-gap:3.125rem;\"><div class=\"wpb_column vc_column_container\"><div class=\"vc_column-inner\"><div class=\"w-image us_custom_b29765bb shrink-0 has_height align_none\"><div class=\"w-image-h\"><img decoding=\"async\" width=\"24\" height=\"24\" src=\"https:\/\/arterestaurant.sk\/wp-content\/uploads\/2025\/09\/heart.svg\" class=\"attachment-us_24_24 size-us_24_24\" alt=\"heart\" loading=\"lazy\" \/><\/div><\/div><div class=\"wpb_text_column\"><div class=\"wpb_wrapper\"><h5>Reception<\/h5>\n<\/div><\/div><div class=\"wpb_text_column us_custom_ba16560b text-16\"><div class=\"wpb_wrapper\"><p><span data-olk-copy-source=\"MessageBody\">You will be greeted at the reception desk, dropped off your coats and escorted to the lounge.<\/span><\/p>\n<\/div><\/div><\/div><\/div><div class=\"wpb_column vc_column_container\"><div class=\"vc_column-inner\"><div class=\"w-image us_custom_b29765bb shrink-0 has_height align_none\"><div class=\"w-image-h\"><img decoding=\"async\" width=\"24\" height=\"24\" src=\"https:\/\/arterestaurant.sk\/wp-content\/uploads\/2025\/09\/couch.svg\" class=\"attachment-us_24_24 size-us_24_24\" alt=\"couch\" loading=\"lazy\" \/><\/div><\/div><div class=\"wpb_text_column\"><div class=\"wpb_wrapper\"><h5>Lounge<\/h5>\n<\/div><\/div><div class=\"wpb_text_column us_custom_ba16560b text-16\"><div class=\"wpb_wrapper\"><p>In the lounge you will enjoy the first three courses with a welcome drink.<\/p>\n<\/div><\/div><\/div><\/div><div class=\"wpb_column vc_column_container\"><div class=\"vc_column-inner\"><div class=\"w-image us_custom_b29765bb shrink-0 has_height align_none\"><div class=\"w-image-h\"><img decoding=\"async\" width=\"24\" height=\"24\" src=\"https:\/\/arterestaurant.sk\/wp-content\/uploads\/2025\/09\/tray.svg\" class=\"attachment-us_24_24 size-us_24_24\" alt=\"tray\" loading=\"lazy\" \/><\/div><\/div><div class=\"wpb_text_column\"><div class=\"wpb_wrapper\"><h5>Restaurant<\/h5>\n<\/div><\/div><div class=\"wpb_text_column us_custom_ba16560b text-16\"><div class=\"wpb_wrapper\"><p>From the second course, dinner continues in the restaurant.<\/p>\n<\/div><\/div><\/div><\/div><div class=\"wpb_column vc_column_container\"><div class=\"vc_column-inner\"><div class=\"w-image us_custom_b29765bb shrink-0 has_height align_none\"><div class=\"w-image-h\"><img decoding=\"async\" width=\"24\" height=\"24\" src=\"https:\/\/arterestaurant.sk\/wp-content\/uploads\/2025\/09\/coctail.svg\" class=\"attachment-us_24_24 size-us_24_24\" alt=\"coctail\" loading=\"lazy\" \/><\/div><\/div><div class=\"wpb_text_column\"><div class=\"wpb_wrapper\"><h5>Conclusion<\/h5>\n<\/div><\/div><div class=\"wpb_text_column us_custom_ba16560b text-16\"><div class=\"wpb_wrapper\"><p>After desserts, you can order something from the aperitif menu with a selection of mixed drinks and digestifs.<\/p>\n<\/div><\/div><\/div><\/div><\/div><\/div><\/div><\/div><\/div><\/section><section class=\"l-section wpb_row us_custom_9926c604 height_auto\"><div class=\"l-section-h i-cf\"><div class=\"g-cols vc_row via_grid cols_2 laptops-cols_inherit tablets-cols_inherit mobiles-cols_1 valign_middle type_default stacking_default\" style=\"--columns-gap:1.25rem;--laptops-columns-gap:1.25rem;--tablets-columns-gap:2.5rem;--mobiles-columns-gap:2.5rem;\"><div class=\"wpb_column vc_column_container us_custom_47474b22 us_animate_this\"><div class=\"vc_column-inner\"><div class=\"w-vwrapper us_custom_bb8f1e83 align_none valign_top has-link\" style=\"--vwrapper-gap:0px\"><div class=\"wpb_text_column us_custom_609e9d44 subtitle-14 has_text_color\"><div class=\"wpb_wrapper\"><p>Winery<\/p>\n<\/div><\/div><div class=\"wpb_text_column us_custom_dc0ba1e2 text-24 has_text_color\"><div class=\"wpb_wrapper\"><p>Meet the VIAJUR winery. In our boutique winery, we respectfully follow a historical legacy that dates back to 1580.<\/p>\n<\/div><\/div><div class=\"w-btn-wrapper align_none\"><a class=\"w-btn us-btn-style_3 at-btn-link us_custom_5460eb50 at-btn-icon-external\" target=\"_blank\" href=\"https:\/\/viajur.sk\/\" rel=\"noopener\"><span class=\"w-btn-label\">viajur.sk<\/span><\/a><\/div><a target=\"_blank\" href=\"https:\/\/viajur.sk\/\" class=\"w-vwrapper-link smooth-scroll\" aria-label=\"Link\" rel=\"noopener\"><\/a><\/div><\/div><\/div><div class=\"wpb_column vc_column_container us_custom_7e20fa79 us_animate_this\"><div class=\"vc_column-inner\"><div class=\"w-image us_custom_2d9ebfef at-img-tear-left has_ratio align_none\"><div class=\"w-image-h\"><div style=\"padding-bottom:100%\"><\/div><img decoding=\"async\" width=\"1512\" height=\"1009\" src=\"https:\/\/arterestaurant.sk\/wp-content\/uploads\/2025\/09\/gfi_matejhakar\u00a92023_M2A3649-scaled.jpg\" class=\"attachment-full size-full\" alt=\"\" loading=\"lazy\" \/><\/div><\/div><\/div><\/div><\/div><\/div><\/section><section class=\"l-section wpb_row us_custom_da387c07 modal height_auto full_height valign_center width_custom\" style=\"--site-content-width:780px;\" id=\"modal-parovanie\"><div class=\"l-section-h i-cf\"><div class=\"g-cols vc_row via_grid cols_1 laptops-cols_inherit tablets-cols_inherit mobiles-cols_1 valign_middle type_default stacking_default\"><div class=\"wpb_column vc_column_container\"><div class=\"vc_column-inner\"><div class=\"g-cols wpb_row us_custom_2fc9a571 via_grid cols_1 laptops-cols_inherit tablets-cols_inherit mobiles-cols_1 valign_top type_default stacking_default\" style=\"--columns-gap:3rem;\"><div class=\"wpb_column vc_column_container us_custom_52117f0a\"><div class=\"vc_column-inner\"><div class=\"wpb_text_column us_custom_5462526b\"><div class=\"wpb_wrapper\"><h2>Pairing drinks<\/h2>\n<\/div><\/div><div class=\"w-image us_custom_9f57da33 modal-closer shrink-0 has_height align_none\"><div class=\"w-image-h\"><img decoding=\"async\" width=\"24\" height=\"24\" src=\"https:\/\/arterestaurant.sk\/wp-content\/uploads\/2025\/09\/close.svg\" class=\"attachment-us_24_24 size-us_24_24\" alt=\"close\" loading=\"lazy\" \/><\/div><\/div><div class=\"wpb_text_column us_custom_d557be08 subtitle-14 has_text_color\"><div class=\"wpb_wrapper\"><p>Mix of Viajur and foreign wines<\/p>\n<\/div><\/div><div class=\"wpb_text_column us_custom_d557be08 subtitle-14 has_text_color\"><div class=\"wpb_wrapper\"><p>price for wine pairing <strong>55 \u20ac<\/strong><\/p>\n<\/div><\/div><div class=\"wpb_text_column us_custom_eb849559\"><div class=\"wpb_wrapper\"><h5>Blanc de Blancs 2022, Pro Rege, VIAJUR, SK<\/h5>\n<h5>Miravel Ros\u00e9 2024, C\u00f4tes de Provence, FRA<\/h5>\n<h5>Far\u0148ansk\u00e9 Pinoty 2023 , Ars in vino, VIAJUR, SK<\/h5>\n<h5>Hermitage 2018, M. Chapoutier, Rh\u00f4ne, FRA<\/h5>\n<h5>Riesling liebling, 2023, Ars in Vino, VIAJUR, SK<\/h5>\n<\/div><\/div><div class=\"wpb_text_column us_custom_d867fd03 subtitle-14 has_text_color\"><div class=\"wpb_wrapper\"><p>Nealko<\/p>\n<\/div><\/div><div class=\"wpb_text_column us_custom_d557be08 subtitle-14 has_text_color\"><div class=\"wpb_wrapper\"><p>price for non-alcoholic pairing <strong>45 \u20ac<\/strong><\/p>\n<\/div><\/div><div class=\"wpb_text_column us_custom_eb849559\"><div class=\"wpb_wrapper\"><h5>TIBI, coffee, orange<\/h5>\n<h5>KOMBUCHA, white tea, blueberry<\/h5>\n<h5>BALL, lemon, soda<\/h5>\n<h5>HROZNO, bubbles, VIAJUR<\/h5>\n<h5>ICE TEA, rooibos, lemon balm<\/h5>\n<\/div><\/div><\/div><\/div><\/div><\/div><\/div><\/div><\/div><\/section>\n\n","protected":false},"excerpt":{"rendered":"","protected":false},"author":1,"featured_media":0,"parent":0,"menu_order":0,"comment_status":"closed","ping_status":"closed","template":"","meta":{"footnotes":""},"class_list":["post-1032","page","type-page","status-publish","hentry"],"_links":{"self":[{"href":"https:\/\/arterestaurant.sk\/en\/wp-json\/wp\/v2\/pages\/1032","targetHints":{"allow":["GET"]}}],"collection":[{"href":"https:\/\/arterestaurant.sk\/en\/wp-json\/wp\/v2\/pages"}],"about":[{"href":"https:\/\/arterestaurant.sk\/en\/wp-json\/wp\/v2\/types\/page"}],"author":[{"embeddable":true,"href":"https:\/\/arterestaurant.sk\/en\/wp-json\/wp\/v2\/users\/1"}],"replies":[{"embeddable":true,"href":"https:\/\/arterestaurant.sk\/en\/wp-json\/wp\/v2\/comments?post=1032"}],"version-history":[{"count":0,"href":"https:\/\/arterestaurant.sk\/en\/wp-json\/wp\/v2\/pages\/1032\/revisions"}],"wp:attachment":[{"href":"https:\/\/arterestaurant.sk\/en\/wp-json\/wp\/v2\/media?parent=1032"}],"curies":[{"name":"wp","href":"https:\/\/api.w.org\/{rel}","templated":true}]}}